{"id":7129,"date":"2023-04-20T12:49:46","date_gmt":"2023-04-20T12:49:46","guid":{"rendered":"http:\/\/themestate.com\/demo\/gratia\/?page_id=7129"},"modified":"2023-04-20T12:49:46","modified_gmt":"2023-04-20T12:49:46","slug":"test","status":"publish","type":"page","link":"https:\/\/epicomedia.org\/?page_id=7129","title":{"rendered":"test"},"content":{"rendered":"\t\t<div data-elementor-type=\"wp-page\" data-elementor-id=\"7129\" class=\"elementor elementor-7129\" data-elementor-post-type=\"page\">\n\t\t\t\t\t\t<section class=\"elementor-section elementor-top-section elementor-element elementor-element-b64cb80 elementor-section-full_width elementor-section-height-default elementor-section-height-default\" data-id=\"b64cb80\" data-element_type=\"section\">\n\t\t\t\t\t\t<div class=\"elementor-container elementor-column-gap-no\">\n\t\t\t\t\t<div class=\"elementor-column elementor-col-100 elementor-top-column elementor-element elementor-element-1cbb2fc\" data-id=\"1cbb2fc\" data-element_type=\"column\">\n\t\t\t<div class=\"elementor-widget-wrap elementor-element-populated\">\n\t\t\t\t\t\t<div class=\"elementor-element elementor-element-21795cf elementor-widget elementor-widget-wp-widget-sermonaddons_slider_widget\" data-id=\"21795cf\" data-element_type=\"widget\" data-widget_type=\"wp-widget-sermonaddons_slider_widget.default\">\n\t\t\t\t<div class=\"elementor-widget-container\">\n\t\t\t\t\t\t\t\r\n\t\t            \r\n\t\t\t            \r\n            <div class=\"wpm_eleslider_wrap\">\r\n            \r\n                <img decoding=\"async\" src=\"https:\/\/epicomedia.org\/wp-content\/plugins\/sermon-addons\/assets\/images\/tail-spin.svg\" width=\"40\" alt=\"\">\r\n                \r\n                <div class=\"wpm_eleslider loop owl-carousel loading\">\r\n                \r\n\t\t\t\t\t        \r\n                                                      \r\n                        <div class=\"eleinside eleinside_Left\" data-dot=\"I am the way and the truth and the life. No one comes to the Father except through me\">\r\n                        \r\n                        \t                                \r\n                    <a href=\"\" title=\"I am the way and the truth and the life. No one comes to the Father except through me\" >\r\n                    \r\n                        <img fetchpriority=\"high\" decoding=\"async\" width=\"1920\" height=\"900\" src=\"https:\/\/epicomedia.org\/wp-content\/uploads\/2023\/03\/pexels-pixabay-62285-1-1920x900.jpg\" class=\"tranz bg_image wp-post-image\" alt=\"\" \/>                        \r\n                    <\/a>\r\n                \r\n                        \r\n            <div class=\"eleslideinside tranz \">\r\n            \r\n                <h2>The Bible is the inspired,\u00a0living, and sufficient Word of God.<\/h2>\n<p>We are people who worship God together, keeping our eyes on Jesus in our day-to-day lives. God&#8217;s unconditional grace, love, and forgiveness for all.<\/p>\n<p><a class=\"mainbutton\" href=\"#\">The Nature of God<\/a> <span>&#038;<\/span> <a class=\"mainbutton inv\" href=\"#\">Statement of Faith<\/a><\/p>\n            \r\n            <\/div>                                    \r\n                       \t<\/div>\r\n                        \r\n                        \r\n                                                      \r\n                        <div class=\"eleinside eleinside_Left\" data-dot=\"God&#8217;s unconditional grace, love, and forgiveness for all.\">\r\n                        \r\n                        \t                                \r\n                    <a href=\"\" title=\"God&#8217;s unconditional grace, love, and forgiveness for all.\" >\r\n                    \r\n                        <img decoding=\"async\" width=\"1920\" height=\"900\" src=\"https:\/\/epicomedia.org\/wp-content\/uploads\/2023\/03\/pexels-mikhail-nilov-8720841-1-1920x900.jpg\" class=\"tranz bg_image wp-post-image\" alt=\"\" \/>                        \r\n                    <\/a>\r\n                \r\n                        \r\n            <div class=\"eleslideinside tranz \">\r\n            \r\n                <h2>God&#8217;s unconditional grace, love, and forgiveness for all.<\/h2>\n<p>The Bible is the inspired, inerrant, living, and all-sufficient Word of God. God\u2019s Word is the primary means by which the elect are united to the risen Christ and thereafter, in Him, nourished unto eternal life.<\/p>\n<p><a class=\"mainbutton\" href=\"#\">Sermon Archives<\/a> <span>or<\/span> <a class=\"mainbutton inv\" href=\"#\">What We Do<\/a><\/p>\n            \r\n            <\/div>                                    \r\n                       \t<\/div>\r\n                        \r\n                        \r\n                                                      \r\n                        <div class=\"eleinside eleinside_Left\" data-dot=\"We should live for the glory of God and the well-being of others.\">\r\n                        \r\n                        \t                                \r\n                    <a href=\"\" title=\"We should live for the glory of God and the well-being of others.\" >\r\n                    \r\n                        <img decoding=\"async\" width=\"1920\" height=\"900\" src=\"https:\/\/epicomedia.org\/wp-content\/uploads\/2019\/10\/sculpture-3408348_1920-1-1920x900.jpg\" class=\"tranz bg_image wp-post-image\" alt=\"\" \/>                        \r\n                    <\/a>\r\n                \r\n                        \r\n            <div class=\"eleslideinside tranz \">\r\n            \r\n                <h2>We should live for the glory of God and the well-being of others.<\/h2>\n<p>We believe Jesus is the King of the world and as an expression of Jesus\u2019 kingdom, we are following him on a journey of faith as a worshiping and just community.<\/p>\n<p><a class=\"mainbutton\" href=\"#\">Live Stream<\/a> <span>or<\/span> <a class=\"mainbutton inv\" href=\"#\">What We Believe<\/a><\/p>\n            \r\n            <\/div>                                    \r\n                       \t<\/div>\r\n                        \r\n                                \r\n\t\t\t    <\/div> <!-- end .wpm_eleslider -->\r\n                \r\n    \t\t<\/div> <!-- end .wpm_eleslider_wrap -->\r\n            \r\n\t\t\t<div class=\"clearfix\"><\/div>\r\n\t\t\r\n\t\t\t\t\t\t<\/div>\n\t\t\t\t<\/div>\n\t\t\t\t\t<\/div>\n\t\t<\/div>\n\t\t\t\t\t<\/div>\n\t\t<\/section>\n\t\t\t\t<section class=\"elementor-section elementor-top-section elementor-element elementor-element-1c14b23 elementor-section-boxed elementor-section-height-default elementor-section-height-default\" data-id=\"1c14b23\" data-element_type=\"section\">\n\t\t\t\t\t\t<div class=\"elementor-container elementor-column-gap-default\">\n\t\t\t\t\t<div class=\"elementor-column elementor-col-50 elementor-top-column elementor-element elementor-element-85b257b\" data-id=\"85b257b\" data-element_type=\"column\">\n\t\t\t<div class=\"elementor-widget-wrap\">\n\t\t\t\t\t\t\t<\/div>\n\t\t<\/div>\n\t\t\t\t<div class=\"elementor-column elementor-col-50 elementor-top-column elementor-element elementor-element-19e94c9\" data-id=\"19e94c9\" data-element_type=\"column\">\n\t\t\t<div class=\"elementor-widget-wrap\">\n\t\t\t\t\t\t\t<\/div>\n\t\t<\/div>\n\t\t\t\t\t<\/div>\n\t\t<\/section>\n\t\t\t\t<section class=\"elementor-section elementor-top-section elementor-element elementor-element-16db3d9 elementor-section-boxed elementor-section-height-default elementor-section-height-default\" data-id=\"16db3d9\" data-element_type=\"section\">\n\t\t\t\t\t\t<div class=\"elementor-container elementor-column-gap-wider\">\n\t\t\t\t\t<div class=\"elementor-column elementor-col-50 elementor-top-column elementor-element elementor-element-9c27469\" data-id=\"9c27469\" data-element_type=\"column\">\n\t\t\t<div class=\"elementor-widget-wrap elementor-element-populated\">\n\t\t\t\t\t\t<div class=\"elementor-element elementor-element-19bbe78 elementor-widget elementor-widget-wp-widget-sermonaddons_blog_list\" data-id=\"19bbe78\" data-element_type=\"widget\" data-widget_type=\"wp-widget-sermonaddons_blog_list.default\">\n\t\t\t\t<div class=\"elementor-widget-container\">\n\t\t\t\t\t\t\t\r\n\t\t        \r\n        <div class=\"widget_block\">\r\n            \r\n\t\t\t            <div class=\"sermon_page sermon_wrap layout_folio_2\">\r\n\t\t\t\r\n            \t          \t<div class=\"sermon_post  post-211 post type-post status-publish format-standard has-post-thumbnail hentry category-epicomedia\">           \t\r\n\t\t\t\r\n                            \r\n                    <div class=\"entryhead\">\r\n                        \r\n                                            \r\n                        <div class=\"icon-rating tranz\"><\/div>\r\n                        \r\n                        <div class=\"imgwrap\">\r\n                            \r\n                            <a href=\"https:\/\/epicomedia.org\/?p=211\">\r\n                                <img loading=\"lazy\" decoding=\"async\" width=\"391\" height=\"243\" src=\"https:\/\/epicomedia.org\/wp-content\/uploads\/2023\/02\/te-decimos-que-debe-llevar_0_20_958_596-391x243.jpg\" class=\"standard grayscale grayscale-fade wp-post-image\" alt=\"\" srcset=\"https:\/\/epicomedia.org\/wp-content\/uploads\/2023\/02\/te-decimos-que-debe-llevar_0_20_958_596-391x243.jpg 391w, https:\/\/epicomedia.org\/wp-content\/uploads\/2023\/02\/te-decimos-que-debe-llevar_0_20_958_596-300x187.jpg 300w, https:\/\/epicomedia.org\/wp-content\/uploads\/2023\/02\/te-decimos-que-debe-llevar_0_20_958_596-768x478.jpg 768w, https:\/\/epicomedia.org\/wp-content\/uploads\/2023\/02\/te-decimos-que-debe-llevar_0_20_958_596.jpg 958w\" sizes=\"(max-width: 391px) 100vw, 391px\" \/>                            <\/a>\r\n                    \r\n                        <\/div>\r\n                    \r\n                    <\/div><!-- end .entryhead -->\r\n                    \r\n                    \r\n                \r\n                <div class=\"sermon_inn tmnf_border tranz\">\r\n\r\n                    <div class=\"clearfix\"><\/div>\r\n        \r\n                    <h2 class=\"posttitle\"><a class=\"link link--forsure\" href=\"https:\/\/epicomedia.org\/?p=211\">\u00bfQu\u00e9 es la Navidad?<\/a><\/h2>  \r\n            \r\n                       \r\n\t<p class=\"meta \">\r\n\t\t<span class=\"post-date\">20 de diciembre de 2025<span class=\"divider\">&bull;<\/span><\/span>\r\n        <span class=\"categs\"><a href=\"https:\/\/epicomedia.org\/?cat=2\" rel=\"category\">Epicomedia<\/a><\/span>\r\n    <\/p>\r\n                \r\n                    <div class=\"tmnf_excerpt\"><p>La Navidad es una de las celebraciones m\u00e1s importantes y esperadas del a\u00f1o. Se vive como una \u00e9poca de encuentro, reflexi\u00f3n, amor y esperanza, en la que las personas se re\u00fanen con familia y amigos para compartir momentos especiales y fortalecer lazos.<\/p>\n<\/div>                \r\n                       \r\n\t<span class=\"meta meta_more \">\r\n    \t\t<a class=\"rad_big tmnf_border\" href=\"https:\/\/epicomedia.org\/?p=211\">Read More &rarr;<\/a>\r\n\r\n    <\/span>\r\n                \r\n                <\/div><!-- end .item_inn -->\r\n\r\n                <div class=\"clearfix\"><\/div>\r\n        \r\n            <\/div>\r\n\t\t\t\t\t\t<\/div>\r\n            \r\n            \r\n                        \r\n\t\t\t<div class=\"clearfix\"><\/div>\r\n            \r\n        <\/div>\r\n\t\t\r\n\t\t\t\t\t\t<\/div>\n\t\t\t\t<\/div>\n\t\t\t\t\t<\/div>\n\t\t<\/div>\n\t\t\t\t<div class=\"elementor-column elementor-col-50 elementor-top-column elementor-element elementor-element-98f5d94\" data-id=\"98f5d94\" data-element_type=\"column\">\n\t\t\t<div class=\"elementor-widget-wrap\">\n\t\t\t\t\t\t\t<\/div>\n\t\t<\/div>\n\t\t\t\t\t<\/div>\n\t\t<\/section>\n\t\t\t\t<\/div>\n\t\t","protected":false},"excerpt":{"rendered":"<div class=\"tmnf_excerpt\"><\/div>","protected":false},"author":1,"featured_media":0,"parent":0,"menu_order":0,"comment_status":"closed","ping_status":"closed","template":"elementor_header_footer","meta":{"give_campaign_id":0,"footnotes":""},"class_list":["post-7129","page","type-page","status-publish","hentry"],"aioseo_notices":[],"campaignId":"","_links":{"self":[{"href":"https:\/\/epicomedia.org\/index.php?rest_route=\/wp\/v2\/pages\/7129","targetHints":{"allow":["GET"]}}],"collection":[{"href":"https:\/\/epicomedia.org\/index.php?rest_route=\/wp\/v2\/pages"}],"about":[{"href":"https:\/\/epicomedia.org\/index.php?rest_route=\/wp\/v2\/types\/page"}],"author":[{"embeddable":true,"href":"https:\/\/epicomedia.org\/index.php?rest_route=\/wp\/v2\/users\/1"}],"replies":[{"embeddable":true,"href":"https:\/\/epicomedia.org\/index.php?rest_route=%2Fwp%2Fv2%2Fcomments&post=7129"}],"version-history":[{"count":0,"href":"https:\/\/epicomedia.org\/index.php?rest_route=\/wp\/v2\/pages\/7129\/revisions"}],"wp:attachment":[{"href":"https:\/\/epicomedia.org\/index.php?rest_route=%2Fwp%2Fv2%2Fmedia&parent=7129"}],"curies":[{"name":"wp","href":"https:\/\/api.w.org\/{rel}","templated":true}]}}