{"id":7635,"date":"2025-12-23T23:44:39","date_gmt":"2025-12-23T22:44:39","guid":{"rendered":"https:\/\/epicomedia.org\/?page_id=7635"},"modified":"2025-12-23T23:46:25","modified_gmt":"2025-12-23T22:46:25","slug":"noticias","status":"publish","type":"page","link":"https:\/\/epicomedia.org\/?page_id=7635","title":{"rendered":"Noticias"},"content":{"rendered":"\t\t<div data-elementor-type=\"wp-page\" data-elementor-id=\"7635\" class=\"elementor elementor-7635\" data-elementor-post-type=\"page\">\n\t\t\t\t<div class=\"elementor-element elementor-element-713c7a8 e-flex e-con-boxed e-con e-parent\" data-id=\"713c7a8\" data-element_type=\"container\">\n\t\t\t\t\t<div class=\"e-con-inner\">\n\t\t\t\t<div class=\"elementor-element elementor-element-f1e0595 elementor-grid-3 elementor-grid-tablet-2 elementor-grid-mobile-1 elementor-posts--thumbnail-top elementor-widget elementor-widget-posts\" data-id=\"f1e0595\" data-element_type=\"widget\" data-settings=\"{&quot;classic_columns&quot;:&quot;3&quot;,&quot;classic_columns_tablet&quot;:&quot;2&quot;,&quot;classic_columns_mobile&quot;:&quot;1&quot;,&quot;classic_row_gap&quot;:{&quot;unit&quot;:&quot;px&quot;,&quot;size&quot;:35,&quot;sizes&quot;:[]},&quot;classic_row_gap_tablet&quot;:{&quot;unit&quot;:&quot;px&quot;,&quot;size&quot;:&quot;&quot;,&quot;sizes&quot;:[]},&quot;classic_row_gap_mobile&quot;:{&quot;unit&quot;:&quot;px&quot;,&quot;size&quot;:&quot;&quot;,&quot;sizes&quot;:[]}}\" data-widget_type=\"posts.classic\">\n\t\t\t\t<div class=\"elementor-widget-container\">\n\t\t\t\t\t\t\t<div class=\"elementor-posts-container elementor-posts elementor-posts--skin-classic elementor-grid\" role=\"list\">\n\t\t\t\t<article class=\"elementor-post elementor-grid-item post-211 post type-post status-publish format-standard has-post-thumbnail hentry category-epicomedia\" role=\"listitem\">\n\t\t\t\t<a class=\"elementor-post__thumbnail__link\" href=\"https:\/\/epicomedia.org\/?p=211\" tabindex=\"-1\" >\n\t\t\t<div class=\"elementor-post__thumbnail\"><img fetchpriority=\"high\" decoding=\"async\" width=\"300\" height=\"187\" src=\"https:\/\/epicomedia.org\/wp-content\/uploads\/2023\/02\/te-decimos-que-debe-llevar_0_20_958_596-300x187.jpg\" class=\"attachment-medium size-medium wp-image-7599\" alt=\"\" srcset=\"https:\/\/epicomedia.org\/wp-content\/uploads\/2023\/02\/te-decimos-que-debe-llevar_0_20_958_596-300x187.jpg 300w, https:\/\/epicomedia.org\/wp-content\/uploads\/2023\/02\/te-decimos-que-debe-llevar_0_20_958_596-768x478.jpg 768w, https:\/\/epicomedia.org\/wp-content\/uploads\/2023\/02\/te-decimos-que-debe-llevar_0_20_958_596-391x243.jpg 391w, https:\/\/epicomedia.org\/wp-content\/uploads\/2023\/02\/te-decimos-que-debe-llevar_0_20_958_596.jpg 958w\" sizes=\"(max-width: 300px) 100vw, 300px\" \/><\/div>\n\t\t<\/a>\n\t\t\t\t<div class=\"elementor-post__text\">\n\t\t\t\t<h3 class=\"elementor-post__title\">\n\t\t\t<a href=\"https:\/\/epicomedia.org\/?p=211\" >\n\t\t\t\t\u00bfQu\u00e9 es la Navidad?\t\t\t<\/a>\n\t\t<\/h3>\n\t\t\t\t<div class=\"elementor-post__meta-data\">\n\t\t\t\t\t<span class=\"elementor-post-date\">\n\t\t\t20 de diciembre de 2025\t\t<\/span>\n\t\t\t\t<span class=\"elementor-post-avatar\">\n\t\t\tNo hay comentarios\t\t<\/span>\n\t\t\t\t<\/div>\n\t\t\t\t<div class=\"elementor-post__excerpt\">\n\t\t\t<div class=\"tmnf_excerpt\"><p>La Navidad es una de las celebraciones m\u00e1s importantes y esperadas del a\u00f1o. Se vive como una \u00e9poca de encuentro, reflexi\u00f3n, amor y esperanza, en la que las personas se re\u00fanen con familia y amigos para compartir momentos especiales y fortalecer lazos.<\/p>\n<\/div>\t\t<\/div>\n\t\t\n\t\t<a class=\"elementor-post__read-more\" href=\"https:\/\/epicomedia.org\/?p=211\" aria-label=\"Read more about \u00bfQu\u00e9 es la Navidad?\" tabindex=\"-1\" >\n\t\t\tRead More \u00bb\t\t<\/a>\n\n\t\t\t\t<\/div>\n\t\t\t\t<\/article>\n\t\t\t\t<\/div>\n\t\t\n\t\t\t\t\t\t<\/div>\n\t\t\t\t<\/div>\n\t\t\t\t\t<\/div>\n\t\t\t\t<\/div>\n\t\t\t\t<\/div>\n\t\t","protected":false},"excerpt":{"rendered":"<div class=\"tmnf_excerpt\"><p>CONTENTS<\/p>\n<\/div>","protected":false},"author":1,"featured_media":0,"parent":0,"menu_order":0,"comment_status":"closed","ping_status":"closed","template":"","meta":{"give_campaign_id":0,"footnotes":""},"class_list":["post-7635","page","type-page","status-publish","hentry"],"aioseo_notices":[],"campaignId":"","_links":{"self":[{"href":"https:\/\/epicomedia.org\/index.php?rest_route=\/wp\/v2\/pages\/7635","targetHints":{"allow":["GET"]}}],"collection":[{"href":"https:\/\/epicomedia.org\/index.php?rest_route=\/wp\/v2\/pages"}],"about":[{"href":"https:\/\/epicomedia.org\/index.php?rest_route=\/wp\/v2\/types\/page"}],"author":[{"embeddable":true,"href":"https:\/\/epicomedia.org\/index.php?rest_route=\/wp\/v2\/users\/1"}],"replies":[{"embeddable":true,"href":"https:\/\/epicomedia.org\/index.php?rest_route=%2Fwp%2Fv2%2Fcomments&post=7635"}],"version-history":[{"count":4,"href":"https:\/\/epicomedia.org\/index.php?rest_route=\/wp\/v2\/pages\/7635\/revisions"}],"predecessor-version":[{"id":7639,"href":"https:\/\/epicomedia.org\/index.php?rest_route=\/wp\/v2\/pages\/7635\/revisions\/7639"}],"wp:attachment":[{"href":"https:\/\/epicomedia.org\/index.php?rest_route=%2Fwp%2Fv2%2Fmedia&parent=7635"}],"curies":[{"name":"wp","href":"https:\/\/api.w.org\/{rel}","templated":true}]}}